{"id":1206,"date":"2025-12-03T12:54:45","date_gmt":"2025-12-03T10:54:45","guid":{"rendered":"https:\/\/snrir.ro\/?page_id=1206"},"modified":"2025-12-03T12:56:26","modified_gmt":"2025-12-03T10:56:26","slug":"beneficiile-afilierii-la-snrir","status":"publish","type":"page","link":"https:\/\/snrir.ro\/en\/beneficiile-afilierii-la-snrir\/","title":{"rendered":"Beneficiile afilierii la SNRIR"},"content":{"rendered":"<ol>\n<li><strong> Beneficii profesionale \u0219i academice<\/strong><\/li>\n<\/ol>\n<ul>\n<li>Acces la comunitatea na\u021bional\u0103 de neuroradiologie.<\/li>\n<li>Participare la cursuri, workshopuri \u0219i evenimente dedicate imagisticii neuro.<\/li>\n<li>Oportunit\u0103\u021bi de implicare \u00een activit\u0103\u021bi \u0219tiin\u021bifice, grupuri de lucru \u0219i proiecte profesionale.<\/li>\n<\/ul>\n<ol start=\"2\">\n<li><strong> Taxe reduse la congrese \u0219i manifest\u0103ri \u0219tiin\u021bifice<\/strong><\/li>\n<\/ol>\n<ul>\n<li>Reduceri semnificative la <strong>congresele na\u021bionale<\/strong> \u0219i la manifest\u0103rile \u0219tiin\u021bifice organizate sau sus\u021binute de SNRIR.<\/li>\n<li>Acces cu <strong>taxe reduse<\/strong> la congrese \u0219i evenimente <strong>interna\u021bionale<\/strong> prin afilierea SNRIR la ESNR, CIRSE \u0219i colaborarea cu SIR.<\/li>\n<\/ul>\n<ol start=\"3\">\n<li><strong> Beneficii interna\u021bionale prin afilierea automat\u0103 la ESNR<\/strong><\/li>\n<\/ol>\n<p>Prin \u00eenscrierea \u00een SNRIR, devii automat <strong>membru ESNR<\/strong>, cu acces la:<\/p>\n<ul>\n<li>Jurnalul de Neuroradiologie (acces online)<\/li>\n<li>Platforma educa\u021bional\u0103 <strong>ESNR.LIVE<\/strong><\/li>\n<li>Taxe reduse la <strong>Adunarea Anual\u0103 ESNR<\/strong> \u0219i la cursurile oficiale<\/li>\n<li>Posibilitatea de implicare \u00een comitete, comunit\u0103\u021bi profesionale \u0219i structuri executive<\/li>\n<li>Reprezentarea membrilor SNRIR \u00een <strong>Consiliul Membrilor Institu\u021bionali<\/strong><\/li>\n<li>Vizibilitate interna\u021bional\u0103 prin apartenen\u021ba la re\u021beaua ESNR<\/li>\n<\/ul>\n<ol start=\"4\">\n<li><strong> Beneficii prin afilierea la CIRSE<\/strong><\/li>\n<\/ol>\n<ul>\n<li>Taxe reduse pentru membership CIRSE<\/li>\n<li>Taxe reduse la <strong>Congresul Anual CIRSE<\/strong> \u0219i la celelalte evenimente tematice<\/li>\n<li>Acces la CIRSE All-Access Pass \u0219i Academia CIRSE<\/li>\n<li>Abonament la revistele CVIR (toate sec\u021biunile)<\/li>\n<li>Acces la <strong>CIRSE Library<\/strong> (8.000+ resurse educa\u021bionale)<\/li>\n<li>Eligibilitate pentru examenul european <strong>EBIR<\/strong><\/li>\n<\/ul>\n<ol start=\"5\">\n<li><strong> Beneficii prin colaborarea cu SIR<\/strong><\/li>\n<\/ol>\n<ul>\n<li>Acces la ghiduri, instrumente de practic\u0103 \u0219i resurse educa\u021bionale avansate<\/li>\n<li>Participare la programe de formare, webinarii \u0219i ini\u021biative de dezvoltare profesional\u0103<\/li>\n<li>Conectare cu o comunitate global\u0103 de speciali\u0219ti \u00een radiologie interven\u021bional\u0103<\/li>\n<\/ul>\n<ol start=\"6\">\n<li><strong> Oportunit\u0103\u021bi de carier\u0103 \u0219i networking<\/strong><\/li>\n<\/ol>\n<ul>\n<li>Conectare cu exper\u021bi na\u021bionali \u0219i interna\u021bionali din neuroradiologie \u0219i IR<\/li>\n<li>Oportunit\u0103\u021bi de colaborare \u00een cercetare, proiecte interdisciplinare \u0219i ini\u021biative europene<\/li>\n<li>Posibilitatea de a face parte din comitete, grupuri de lucru sau proiecte strategice<\/li>\n<\/ul>\n<ol start=\"7\">\n<li><strong> Sprijin profesional \u0219i reprezentare<\/strong><\/li>\n<\/ol>\n<ul>\n<li>Reprezentarea intereselor profesionale la nivel na\u021bional \u0219i european<\/li>\n<li>Promovarea specialit\u0103\u021bii de neuroradiologie \u00een Rom\u00e2nia<\/li>\n<li>Acces la informa\u021bii actualizate privind standarde, protocoale \u0219i bune practici<\/li>\n<\/ul>\n","protected":false},"excerpt":{"rendered":"<p>Beneficii profesionale \u0219i academice Acces la comunitatea na\u021bional\u0103 de neuroradiologie. Participare la cursuri, workshopuri \u0219i evenimente dedicate imagisticii neuro. Oportunit\u0103\u021bi de implicare \u00een activit\u0103\u021bi \u0219tiin\u021bifice, grupuri de lucru \u0219i proiecte profesionale. Taxe reduse la congrese \u0219i manifest\u0103ri \u0219tiin\u021bifice Reduceri semnificative la congresele na\u021bionale \u0219i la manifest\u0103rile \u0219tiin\u021bifice organizate sau sus\u021binute de SNRIR. Acces cu taxe reduse la congrese \u0219i evenimente interna\u021bionale prin afilierea SNRIR la ESNR, CIRSE \u0219i colaborarea cu SIR. Beneficii interna\u021bionale prin afilierea automat\u0103 la ESNR Prin \u00eenscrierea \u00een SNRIR, devii automat membru ESNR, cu acces la: Jurnalul de Neuroradiologie (acces online) Platforma educa\u021bional\u0103 ESNR.LIVE Taxe reduse la Adunarea Anual\u0103 ESNR \u0219i la cursurile oficiale Posibilitatea de implicare \u00een comitete, comunit\u0103\u021bi profesionale \u0219i structuri executive Reprezentarea membrilor SNRIR \u00een Consiliul Membrilor Institu\u021bionali Vizibilitate interna\u021bional\u0103 prin apartenen\u021ba la re\u021beaua ESNR Beneficii prin afilierea la CIRSE Taxe reduse pentru membership CIRSE Taxe reduse la Congresul Anual CIRSE \u0219i la celelalte evenimente tematice Acces la CIRSE All-Access Pass \u0219i Academia CIRSE Abonament la revistele CVIR (toate sec\u021biunile) Acces la CIRSE Library (8.000+ resurse educa\u021bionale) Eligibilitate pentru examenul european EBIR Beneficii prin colaborarea cu SIR Acces la ghiduri, instrumente de practic\u0103 \u0219i resurse educa\u021bionale avansate Participare la programe de formare, webinarii \u0219i ini\u021biative de dezvoltare profesional\u0103 Conectare cu o comunitate global\u0103 de speciali\u0219ti \u00een radiologie interven\u021bional\u0103 Oportunit\u0103\u021bi de carier\u0103 \u0219i networking Conectare cu exper\u021bi na\u021bionali \u0219i interna\u021bionali din neuroradiologie \u0219i IR Oportunit\u0103\u021bi de colaborare \u00een cercetare, proiecte interdisciplinare \u0219i ini\u021biative europene Posibilitatea de a face parte din comitete, grupuri de lucru sau proiecte strategice Sprijin profesional \u0219i reprezentare Reprezentarea intereselor profesionale la nivel na\u021bional \u0219i european Promovarea specialit\u0103\u021bii de neuroradiologie \u00een Rom\u00e2nia Acces la informa\u021bii actualizate privind standarde, protocoale \u0219i bune practici<\/p>\n","protected":false},"author":1,"featured_media":0,"parent":0,"menu_order":0,"comment_status":"closed","ping_status":"closed","template":"page-templates\/full-width.php","meta":{"_mi_skip_tracking":false},"_links":{"self":[{"href":"https:\/\/snrir.ro\/en\/wp-json\/wp\/v2\/pages\/1206"}],"collection":[{"href":"https:\/\/snrir.ro\/en\/wp-json\/wp\/v2\/pages"}],"about":[{"href":"https:\/\/snrir.ro\/en\/wp-json\/wp\/v2\/types\/page"}],"author":[{"embeddable":true,"href":"https:\/\/snrir.ro\/en\/wp-json\/wp\/v2\/users\/1"}],"replies":[{"embeddable":true,"href":"https:\/\/snrir.ro\/en\/wp-json\/wp\/v2\/comments?post=1206"}],"version-history":[{"count":1,"href":"https:\/\/snrir.ro\/en\/wp-json\/wp\/v2\/pages\/1206\/revisions"}],"predecessor-version":[{"id":1207,"href":"https:\/\/snrir.ro\/en\/wp-json\/wp\/v2\/pages\/1206\/revisions\/1207"}],"wp:attachment":[{"href":"https:\/\/snrir.ro\/en\/wp-json\/wp\/v2\/media?parent=1206"}],"curies":[{"name":"wp","href":"https:\/\/api.w.org\/{rel}","templated":true}]}}