{"id":1208,"date":"2025-12-03T12:57:13","date_gmt":"2025-12-03T10:57:13","guid":{"rendered":"https:\/\/snrir.ro\/?page_id=1208"},"modified":"2025-12-08T08:20:00","modified_gmt":"2025-12-08T06:20:00","slug":"cum-devin-membru-snrir","status":"publish","type":"page","link":"https:\/\/snrir.ro\/en\/cum-devin-membru-snrir\/","title":{"rendered":"Cum devin membru SNRIR?"},"content":{"rendered":"<p>SNRIR reune\u0219te, ca membri activi, medici speciali\u0219ti \u0219i al\u021bi profesioni\u0219ti implica\u021bi \u00een domeniul <strong>Neuroradiologiei \u0219i Imagisticii Neuro<\/strong> care \u00ee\u0219i desf\u0103\u0219oar\u0103 activitatea \u00een Rom\u00e2nia sau \u00een alte state membre ale Uniunii Europene.<br \/>\nPot deveni membri asocia\u021bi \u0219i medici din alte specialit\u0103\u021bi conexe, precum \u0219i profesioni\u0219ti care activeaz\u0103 \u00een afara UE \u0219i care manifest\u0103 interes pentru acest domeniu.<\/p>\n<p>Pentru a v\u0103 \u00eenscrie \u00een SNRIR, este necesar s\u0103 confirma\u021bi c\u0103 sunte\u021bi de acord cu <strong>STATUTUL SNRIR<\/strong>. Ulterior, v\u0103 rug\u0103m s\u0103 completa\u021bi <strong>FORMULARUL DE ADEZIUNE<\/strong>, furniz\u00e2nd date corecte \u0219i complete. \u00cen caz contrar, solicitarea de \u00eenscriere nu va putea fi validat\u0103.<br \/>\n\u00cen anumite situa\u021bii, vi se pot solicita documente suplimentare pentru confirmarea informa\u021biilor.<\/p>\n<p>Dup\u0103 validarea adeziunii, ve\u021bi primi un mesaj de confirmare, v\u0103 ve\u021bi putea accesa contul de membru \u0219i ve\u021bi putea efectua plata <span style=\"color: #444444;\"><a style=\"color: #444444;\" href=\"https:\/\/simpozion-snrir.ro\/taxe-membru\/\"><strong>COTIZA\u021aIEI DE MEMBRU<\/strong><\/a><\/span>.<\/p>\n","protected":false},"excerpt":{"rendered":"<p>SNRIR reune\u0219te, ca membri activi, medici speciali\u0219ti \u0219i al\u021bi profesioni\u0219ti implica\u021bi \u00een domeniul Neuroradiologiei \u0219i Imagisticii Neuro care \u00ee\u0219i desf\u0103\u0219oar\u0103 activitatea \u00een Rom\u00e2nia sau \u00een alte state membre ale Uniunii Europene. Pot deveni membri asocia\u021bi \u0219i medici din alte specialit\u0103\u021bi conexe, precum \u0219i profesioni\u0219ti care activeaz\u0103 \u00een afara UE \u0219i care manifest\u0103 interes pentru acest domeniu. Pentru a v\u0103 \u00eenscrie \u00een SNRIR, este necesar s\u0103 confirma\u021bi c\u0103 sunte\u021bi de acord cu STATUTUL SNRIR. Ulterior, v\u0103 rug\u0103m s\u0103 completa\u021bi FORMULARUL DE ADEZIUNE, furniz\u00e2nd date corecte \u0219i complete. \u00cen caz contrar, solicitarea de \u00eenscriere nu va putea fi validat\u0103. \u00cen anumite situa\u021bii, vi se pot solicita documente suplimentare pentru confirmarea informa\u021biilor. Dup\u0103 validarea adeziunii, ve\u021bi primi un mesaj de confirmare, v\u0103 ve\u021bi putea accesa contul de membru \u0219i ve\u021bi putea efectua plata COTIZA\u021aIEI DE MEMBRU.<\/p>\n","protected":false},"author":1,"featured_media":0,"parent":0,"menu_order":0,"comment_status":"closed","ping_status":"closed","template":"page-templates\/full-width.php","meta":{"_mi_skip_tracking":false},"_links":{"self":[{"href":"https:\/\/snrir.ro\/en\/wp-json\/wp\/v2\/pages\/1208"}],"collection":[{"href":"https:\/\/snrir.ro\/en\/wp-json\/wp\/v2\/pages"}],"about":[{"href":"https:\/\/snrir.ro\/en\/wp-json\/wp\/v2\/types\/page"}],"author":[{"embeddable":true,"href":"https:\/\/snrir.ro\/en\/wp-json\/wp\/v2\/users\/1"}],"replies":[{"embeddable":true,"href":"https:\/\/snrir.ro\/en\/wp-json\/wp\/v2\/comments?post=1208"}],"version-history":[{"count":3,"href":"https:\/\/snrir.ro\/en\/wp-json\/wp\/v2\/pages\/1208\/revisions"}],"predecessor-version":[{"id":1221,"href":"https:\/\/snrir.ro\/en\/wp-json\/wp\/v2\/pages\/1208\/revisions\/1221"}],"wp:attachment":[{"href":"https:\/\/snrir.ro\/en\/wp-json\/wp\/v2\/media?parent=1208"}],"curies":[{"name":"wp","href":"https:\/\/api.w.org\/{rel}","templated":true}]}}