{"id":1213,"date":"2025-12-03T13:10:45","date_gmt":"2025-12-03T11:10:45","guid":{"rendered":"https:\/\/snrir.ro\/?page_id=1213"},"modified":"2025-12-08T11:42:08","modified_gmt":"2025-12-08T09:42:08","slug":"modalitatea-de-plata-a-cotizatiei-snrir","status":"publish","type":"page","link":"https:\/\/snrir.ro\/en\/modalitatea-de-plata-a-cotizatiei-snrir\/","title":{"rendered":"Modalitatea de plat\u0103 a cotiza\u021biei SNRIR"},"content":{"rendered":"<p>Plata cotiza\u021biei SNRIR se realizeaz\u0103 exclusiv <strong>online<\/strong>, cu <strong>card bancar<\/strong>, prin intermediul contului de membru, \u00een sec\u021biunea <strong>\u201eMembrii\u201d<\/strong> de pe website-ul SNRIR.<br \/>\nProcesarea se face printr-un <strong>canal securizat<\/strong>, furnizat de EuPlatesc.<\/p>\n<p><strong>Facturare \u0219i documente<\/strong><\/p>\n<p>\u00cen momentul pl\u0103\u021bii, pute\u021bi introduce datele entit\u0103\u021bii pe numele c\u0103reia dori\u021bi emiterea facturii (PFA\/PFI\/CMI\/SCM\/SRL\/SC etc.), sau factura poate fi emis\u0103 pe numele dumneavoastr\u0103.<br \/>\n<strong>Factura<\/strong> va fi regasit\u0103 in sistemul E-factura pentru persoanele juridice.<\/p>\n<p>Ve\u021bi primi automat un <strong>e-mail de confirmare<\/strong> a pl\u0103\u021bii din partea procesatorului.<br \/>\nCalitatea de membru se activeaz\u0103 <strong>imediat<\/strong> dup\u0103 confirmarea pl\u0103\u021bii.<\/p>\n<p><strong>Termene de plat\u0103 \u0219i activarea beneficiilor interna\u021bionale<\/strong><\/p>\n<p>Pentru a beneficia de toate avantajele afilierii interna\u021bionale (ex.: ESNR, CIRSE \u2014 dac\u0103 este aplicabil), cotiza\u021bia SNRIR pentru anul urm\u0103tor trebuie pl\u0103tit\u0103 <strong>\u00een avans<\/strong>, p\u00e2n\u0103 la data de <strong>15 decembrie<\/strong>.<\/p>\n<p>Respectarea acestui termen asigur\u0103 activarea tuturor beneficiilor interna\u021bionale odat\u0103 cu debutul noului an.<\/p>\n<p>Dup\u0103 aceast\u0103 perioad\u0103, valoarea cotiza\u021biei poate fi <strong>majorat\u0103<\/strong>, iar activarea unor beneficii interna\u021bionale poate fi <strong>\u00eent\u00e2rziat\u0103<\/strong> sau <strong>pierdut\u0103<\/strong>.<br \/>\nAten\u021bie: accesul la taxe reduse pentru anumite congrese interna\u021bionale este posibil doar dac\u0103 statutul de membru activ este confirmat la termen!<\/p>\n<p><strong>Important<\/strong><\/p>\n<p><strong>PLATA PRIN MANDAT PO\u0218TAL SAU TRANSFER BANCAR NU ESTE ACCEPTAT\u0102 pentru plata cotiza\u021biei!<\/strong><\/p>\n<p>Singura metod\u0103 valid\u0103 este plata online, prin card.<\/p>\n<p style=\"text-align: center;\"><a href=\"https:\/\/simpozion-snrir.ro\/taxe-membru\/\"><strong><span style=\"color: #ff0000;\">ACHIT\u0102 COTIZA\u021aIA<\/span><\/strong><\/a><\/p>\n","protected":false},"excerpt":{"rendered":"<p>Plata cotiza\u021biei SNRIR se realizeaz\u0103 exclusiv online, cu card bancar, prin intermediul contului de membru, \u00een sec\u021biunea \u201eMembrii\u201d de pe website-ul SNRIR. Procesarea se face printr-un canal securizat, furnizat de EuPlatesc. Facturare \u0219i documente \u00cen momentul pl\u0103\u021bii, pute\u021bi introduce datele entit\u0103\u021bii pe numele c\u0103reia dori\u021bi emiterea facturii (PFA\/PFI\/CMI\/SCM\/SRL\/SC etc.), sau factura poate fi emis\u0103 pe numele dumneavoastr\u0103. Factura va fi regasit\u0103 in sistemul E-factura pentru persoanele juridice. Ve\u021bi primi automat un e-mail de confirmare a pl\u0103\u021bii din partea procesatorului. Calitatea de membru se activeaz\u0103 imediat dup\u0103 confirmarea pl\u0103\u021bii. Termene de plat\u0103 \u0219i activarea beneficiilor interna\u021bionale Pentru a beneficia de toate avantajele afilierii interna\u021bionale (ex.: ESNR, CIRSE \u2014 dac\u0103 este aplicabil), cotiza\u021bia SNRIR pentru anul urm\u0103tor trebuie pl\u0103tit\u0103 \u00een avans, p\u00e2n\u0103 la data de 15 decembrie. Respectarea acestui termen asigur\u0103 activarea tuturor beneficiilor interna\u021bionale odat\u0103 cu debutul noului an. Dup\u0103 aceast\u0103 perioad\u0103, valoarea cotiza\u021biei poate fi majorat\u0103, iar activarea unor beneficii interna\u021bionale poate fi \u00eent\u00e2rziat\u0103 sau pierdut\u0103. Aten\u021bie: accesul la taxe reduse pentru anumite congrese interna\u021bionale este posibil doar dac\u0103 statutul de membru activ este confirmat la termen! Important PLATA PRIN MANDAT PO\u0218TAL SAU TRANSFER BANCAR NU ESTE ACCEPTAT\u0102 pentru plata cotiza\u021biei! Singura metod\u0103 valid\u0103 este plata online, prin card. ACHIT\u0102 COTIZA\u021aIA<\/p>\n","protected":false},"author":1,"featured_media":0,"parent":0,"menu_order":0,"comment_status":"closed","ping_status":"closed","template":"page-templates\/full-width.php","meta":{"_mi_skip_tracking":false},"_links":{"self":[{"href":"https:\/\/snrir.ro\/en\/wp-json\/wp\/v2\/pages\/1213"}],"collection":[{"href":"https:\/\/snrir.ro\/en\/wp-json\/wp\/v2\/pages"}],"about":[{"href":"https:\/\/snrir.ro\/en\/wp-json\/wp\/v2\/types\/page"}],"author":[{"embeddable":true,"href":"https:\/\/snrir.ro\/en\/wp-json\/wp\/v2\/users\/1"}],"replies":[{"embeddable":true,"href":"https:\/\/snrir.ro\/en\/wp-json\/wp\/v2\/comments?post=1213"}],"version-history":[{"count":5,"href":"https:\/\/snrir.ro\/en\/wp-json\/wp\/v2\/pages\/1213\/revisions"}],"predecessor-version":[{"id":1223,"href":"https:\/\/snrir.ro\/en\/wp-json\/wp\/v2\/pages\/1213\/revisions\/1223"}],"wp:attachment":[{"href":"https:\/\/snrir.ro\/en\/wp-json\/wp\/v2\/media?parent=1213"}],"curies":[{"name":"wp","href":"https:\/\/api.w.org\/{rel}","templated":true}]}}