{"id":809,"date":"2019-04-01T16:21:09","date_gmt":"2019-04-01T13:21:09","guid":{"rendered":"http:\/\/snrir.ro\/?page_id=809"},"modified":"2024-01-30T08:28:17","modified_gmt":"2024-01-30T06:28:17","slug":"documente-suport","status":"publish","type":"page","link":"https:\/\/snrir.ro\/en\/documente-suport\/","title":{"rendered":"Resources"},"content":{"rendered":"<p>[vc_row container=&#8221;true&#8221;][vc_column][vc_column_text]<em>Noua\u00a0curricul\u0103 european\u0103 de radiologie interven\u0163ional\u0103 CIRSE 2023 este disponibil\u0103 acces\u00e2nd urm\u0103trul\u00a0 link:<br \/>\n<\/em><em>\u00a0<a href=\"https:\/\/www.cirse.org\/wp-content\/uploads\/2023\/04\/cirse_IRcurriculum_syllabus_2023_web.pdf\">https:\/\/www.cirse.org\/wp-content\/uploads\/2023\/04\/cirse_IRcurriculum_syllabus_2023_web.pdf<\/a><\/em>[\/vc_column_text][\/vc_column][\/vc_row]<\/p>\n","protected":false},"excerpt":{"rendered":"<p>[vc_row container=&#8221;true&#8221;][vc_column][vc_column_text]Noua\u00a0curricul\u0103 european\u0103 de radiologie interven\u0163ional\u0103 CIRSE 2023 este disponibil\u0103 acces\u00e2nd urm\u0103trul\u00a0 link: \u00a0https:\/\/www.cirse.org\/wp-content\/uploads\/2023\/04\/cirse_IRcurriculum_syllabus_2023_web.pdf[\/vc_column_text][\/vc_column][\/vc_row]<\/p>\n","protected":false},"author":1,"featured_media":0,"parent":0,"menu_order":0,"comment_status":"closed","ping_status":"closed","template":"page-templates\/full-width.php","meta":{"_mi_skip_tracking":false},"_links":{"self":[{"href":"https:\/\/snrir.ro\/en\/wp-json\/wp\/v2\/pages\/809"}],"collection":[{"href":"https:\/\/snrir.ro\/en\/wp-json\/wp\/v2\/pages"}],"about":[{"href":"https:\/\/snrir.ro\/en\/wp-json\/wp\/v2\/types\/page"}],"author":[{"embeddable":true,"href":"https:\/\/snrir.ro\/en\/wp-json\/wp\/v2\/users\/1"}],"replies":[{"embeddable":true,"href":"https:\/\/snrir.ro\/en\/wp-json\/wp\/v2\/comments?post=809"}],"version-history":[{"count":5,"href":"https:\/\/snrir.ro\/en\/wp-json\/wp\/v2\/pages\/809\/revisions"}],"predecessor-version":[{"id":1130,"href":"https:\/\/snrir.ro\/en\/wp-json\/wp\/v2\/pages\/809\/revisions\/1130"}],"wp:attachment":[{"href":"https:\/\/snrir.ro\/en\/wp-json\/wp\/v2\/media?parent=809"}],"curies":[{"name":"wp","href":"https:\/\/api.w.org\/{rel}","templated":true}]}}